{"id":14,"date":"2023-07-05T12:11:09","date_gmt":"2023-07-05T12:11:09","guid":{"rendered":"https:\/\/a5tech.hu\/?page_id=14"},"modified":"2023-07-10T09:46:03","modified_gmt":"2023-07-10T09:46:03","slug":"elerhetoseg","status":"publish","type":"page","link":"https:\/\/a5tech.hu\/index.php\/elerhetoseg\/","title":{"rendered":"El\u00e9rhet\u0151s\u00e9g"},"content":{"rendered":"\r\n<p style=\"text-align: left;\"><span style=\"color: #000000;\">C\u00edm: 1161 Budapest, Kinizsi P\u00e1l utca 8.<\/span><\/p>\r\n<p style=\"text-align: left;\"><span style=\"color: #000000;\">E-mail: info@a5tech.hu<\/span><\/p>\r\n<p style=\"text-align: left;\"><span style=\"color: #000000;\">Telefon: +36\/30 970 2908<\/span><\/p>\r\n<p>&nbsp;<\/p>\r\n","protected":false},"excerpt":{"rendered":"<p>C\u00edm: 1161 Budapest, Kinizsi P\u00e1l utca 8. E-mail: info@a5tech.hu Telefon: +36\/30 970 2908 &nbsp;<\/p>\n","protected":false},"author":1,"featured_media":0,"parent":0,"menu_order":0,"comment_status":"closed","ping_status":"closed","template":"","meta":{"footnotes":""},"class_list":["post-14","page","type-page","status-publish","hentry","entry"],"_links":{"self":[{"href":"https:\/\/a5tech.hu\/index.php\/wp-json\/wp\/v2\/pages\/14","targetHints":{"allow":["GET"]}}],"collection":[{"href":"https:\/\/a5tech.hu\/index.php\/wp-json\/wp\/v2\/pages"}],"about":[{"href":"https:\/\/a5tech.hu\/index.php\/wp-json\/wp\/v2\/types\/page"}],"author":[{"embeddable":true,"href":"https:\/\/a5tech.hu\/index.php\/wp-json\/wp\/v2\/users\/1"}],"replies":[{"embeddable":true,"href":"https:\/\/a5tech.hu\/index.php\/wp-json\/wp\/v2\/comments?post=14"}],"version-history":[{"count":8,"href":"https:\/\/a5tech.hu\/index.php\/wp-json\/wp\/v2\/pages\/14\/revisions"}],"predecessor-version":[{"id":47,"href":"https:\/\/a5tech.hu\/index.php\/wp-json\/wp\/v2\/pages\/14\/revisions\/47"}],"wp:attachment":[{"href":"https:\/\/a5tech.hu\/index.php\/wp-json\/wp\/v2\/media?parent=14"}],"curies":[{"name":"wp","href":"https:\/\/api.w.org\/{rel}","templated":true}]}}