{"id":12,"date":"2023-07-05T12:11:09","date_gmt":"2023-07-05T12:11:09","guid":{"rendered":"https:\/\/a5tech.hu\/?page_id=12"},"modified":"2023-07-05T12:21:57","modified_gmt":"2023-07-05T12:21:57","slug":"create-your-website-with-blocks","status":"publish","type":"page","link":"https:\/\/a5tech.hu\/","title":{"rendered":"Create your website with blocks"},"content":{"rendered":"<h2 style=\"text-align: center;\"><em><small><span class=\"nev\">A5 Tech Szolg\u00e1ltat\u00f3 \u00e9s Kereskedelmi Korl\u00e1tolt Felel\u0151ss\u00e9g\u0171 T\u00e1rsas\u00e1g<\/span><\/small><\/em><\/h2>\n","protected":false},"excerpt":{"rendered":"<p>A5 Tech Szolg\u00e1ltat\u00f3 \u00e9s Kereskedelmi Korl\u00e1tolt Felel\u0151ss\u00e9g\u0171 T\u00e1rsas\u00e1g<\/p>\n","protected":false},"author":1,"featured_media":0,"parent":0,"menu_order":0,"comment_status":"closed","ping_status":"closed","template":"","meta":{"footnotes":""},"class_list":["post-12","page","type-page","status-publish","hentry","entry"],"_links":{"self":[{"href":"https:\/\/a5tech.hu\/index.php\/wp-json\/wp\/v2\/pages\/12","targetHints":{"allow":["GET"]}}],"collection":[{"href":"https:\/\/a5tech.hu\/index.php\/wp-json\/wp\/v2\/pages"}],"about":[{"href":"https:\/\/a5tech.hu\/index.php\/wp-json\/wp\/v2\/types\/page"}],"author":[{"embeddable":true,"href":"https:\/\/a5tech.hu\/index.php\/wp-json\/wp\/v2\/users\/1"}],"replies":[{"embeddable":true,"href":"https:\/\/a5tech.hu\/index.php\/wp-json\/wp\/v2\/comments?post=12"}],"version-history":[{"count":4,"href":"https:\/\/a5tech.hu\/index.php\/wp-json\/wp\/v2\/pages\/12\/revisions"}],"predecessor-version":[{"id":33,"href":"https:\/\/a5tech.hu\/index.php\/wp-json\/wp\/v2\/pages\/12\/revisions\/33"}],"wp:attachment":[{"href":"https:\/\/a5tech.hu\/index.php\/wp-json\/wp\/v2\/media?parent=12"}],"curies":[{"name":"wp","href":"https:\/\/api.w.org\/{rel}","templated":true}]}}